{"id":8,"date":"2012-10-14T19:35:55","date_gmt":"2012-10-14T17:35:55","guid":{"rendered":"http:\/\/pyrowatt.hu\/?page_id=8"},"modified":"2012-10-16T20:06:11","modified_gmt":"2012-10-16T18:06:11","slug":"technologia","status":"publish","type":"page","link":"https:\/\/pyrowatt.hu\/?page_id=8","title":{"rendered":"Technol\u00f3gia"},"content":{"rendered":"<p style=\"text-align: justify;\">A biomassza energetikai c\u00e9l\u00fa hasznos\u00edt\u00e1s\u00e1nak hossz\u00fa m\u00faltja \u00e9s sz\u00e9les j\u00f6v\u0151beli lehet\u0151s\u00e9gei vannak. Ennek egyik szegmense a g\u00e1zos\u00edt\u00e1s, melyet ipari szinten el\u0151sz\u00f6r a 19. sz\u00e1zadban haszn\u00e1ltak, de igaz\u00e1n a 20. sz\u00e1zadban terjedt el \u2013 els\u0151sorban a vil\u00e1gh\u00e1bor\u00fat k\u00f6vet\u0151 \u00e9vek alatti \u00fczemanyag hi\u00e1ny ok\u00e1n. A 80\u2019-as \u00e9vek energiav\u00e1ls\u00e1g\u00e1nak k\u00f6sz\u00f6nhet\u0151en egy r\u00f6vid id\u0151re \u00fajra lend\u00fcletet vett a biomassza ir\u00e1nti \u00e9rdekl\u0151d\u00e9s, els\u0151sorban a fejl\u0151d\u0151 orsz\u00e1gokban, ahol energia megtakar\u00edt\u00e1s c\u00e9lj\u00e1b\u00f3l a termel\u0151d\u00f6tt hullad\u00e9kokb\u00f3l energi\u00e1t termeltek \u2013 olyan anyagokb\u00f3l, mint p\u00e9ld\u00e1ul a mez\u0151gazdas\u00e1gi, erd\u00e9szeti \u00e9s faipari mell\u00e9kterm\u00e9keknek sz\u00e1m\u00edt\u00f3 szalma, apr\u00edt\u00e9k, faforg\u00e1cs, nyesed\u00e9k \u2013 ahelyett, hogy magas \u00e1ron k\u0151olaj sz\u00e1rmaz\u00e9kokat import\u00e1ljanak.<\/p>\n<p style=\"text-align: justify;\">Az 1980-as \u00e9vek v\u00e9g\u00e9n az olaj \u00e1ra cs\u00f6kkent, ennek eredm\u00e9nyek\u00e9ppen a biomassza g\u00e1zos\u00edt\u00e1si technol\u00f3gi\u00e1k nem voltak versenyk\u00e9pesek a fosszilis energiahordoz\u00f3kkal szemben. A technol\u00f3giai fejleszt\u00e9seket a 90\u2019-es \u00e9vekig elhanyagolt\u00e1k, azonban a k\u00f6rnyezettudatos gondolkod\u00e1s el\u0151t\u00e9rbe ker\u00fcl\u00e9s\u00e9vel ism\u00e9t lend\u00fcletet vett a meg\u00fajul\u00f3 energiaforr\u00e1sok sz\u00e9lesk\u00f6r\u0171 hasznos\u00edt\u00e1sa, bele\u00e9rtve a kis- \u00e9s nagym\u00e9ret\u0171 biomassza g\u00e1zos\u00edt\u00e1si technol\u00f3gi\u00e1kat is.<\/p>\n<p style=\"text-align: justify;\">Fontos megjegyezn\u00fcnk, hogy az \u00e1ltalunk fejlesztett g\u00e1zos\u00edt\u00e1si technol\u00f3gia nem azonos a t\u00fczel\u00e9stechnik\u00e1ban haszn\u00e1latos g\u00e1zos\u00edt\u00e1ssal, mert az ut\u00f3bbi esetben a t\u00fczel\u0151anyagban l\u00e9v\u0151 magas ill\u00f3anyag tartalom 110-260 \u00b0C k\u00f6z\u00f6tt kig\u00e1zosodik, majd meggyullad \u00e9s a t\u00fczel\u0151anyag marad\u00e9k \u00e9ghet\u0151j\u00e9vel oxig\u00e9n d\u00fas k\u00f6rnyezetben k\u00f6zvetlen\u00fcl el\u00e9get\u00e9sre ker\u00fcl a t\u00fczel\u0151berendez\u00e9sben. Ezt a t\u00fczel\u00e9stechnikai m\u00f3dszert el\u0151t\u00e9t t\u00fczel\u00e9snek h\u00edvj\u00e1k \u00e9s sz\u00e9les k\u00f6rben alkalmazz\u00e1k biomassza t\u00fczel\u0151berendez\u00e9sekn\u00e9l.<\/p>\n<p style=\"text-align: justify;\">A fag\u00e1zos\u00edt\u00e1s \u201e\u0151skor\u00e1ban\u201d a c\u00e9l az \u00fczemanyag el\u0151\u00e1ll\u00edt\u00e1s volt, amely technol\u00f3gi\u00e1kra az id\u0151sebb gener\u00e1ci\u00f3b\u00f3l m\u00e9g sokan ma is eml\u00e9keznek. Teheraut\u00f3k, taxik, buszok k\u00f6zlekedtek \u201eh\u00e1tukon\u201d t\u00fczel\u0151anyag tart\u00e1llyal, azonban napjainkra az aut\u00f3ipar sz\u00e1m\u00e1ra egy\u00e9b k\u00f6rnyezetbar\u00e1t \u00e9s korszer\u0171 megold\u00e1s k\u00edn\u00e1lkozik, \u00edgy ez ir\u00e1ny\u00fa fejleszt\u00e9sekr\u0151l m\u00e1ra m\u00e1r nem besz\u00e9lhet\u00fcnk.<\/p>\n<p><img decoding=\"async\" id=\"internal-source-marker_0.5001533809896397\" class=\"alignleft\" src=\"https:\/\/lh6.googleusercontent.com\/Pzc0C8DV3Smy5FDfq3YP00yLox5S4QnKz9l5YzN4zTgDLS5ef3VKv89UHH1GgMCpZiOnKvXxVbAc7t7kmHzvpMtNR90A2pE16hqbZU73MhZGnSsQ3jD6\" alt=\"\" width=\"275px;\" height=\"162px;\" \/> <img decoding=\"async\" class=\"aligncenter\" src=\"https:\/\/lh6.googleusercontent.com\/gpFaUkQSiOt4AKJpCzuTyCrSi5l1Od_4LywMZ9DTaPrDwJ4HL9VL_D-ENkkuSXfWR5D6HhiuJOdB6_gOj0joYbve9aNWnn09_8rSrbw6at657KydVJba\" alt=\"\" width=\"272px;\" height=\"167px;\" \/><\/p>\n<p style=\"text-align: center;\" dir=\"ltr\">Fag\u00e1z\u00fczem\u0171 g\u00e9pj\u00e1rm\u0171vek az 1940-es \u00e9vekb\u0151l<\/p>\n<p style=\"text-align: center;\" dir=\"ltr\">\n<p><center><br \/>\n<iframe loading=\"lazy\" src=\"http:\/\/www.youtube.com\/embed\/vGO5J9HMkGE\" frameborder=\"0\" width=\"480\" height=\"360\"><\/iframe><\/center><\/p>\n<p style=\"text-align: justify;\">A napjainkban alkalmazott elj\u00e1r\u00e1sokat \u00e9s a keletkezett term\u00e9keket, illetve azok hasznos\u00edt\u00e1si lehet\u0151s\u00e9geit a k\u00f6vetkez\u0151 \u00e1bra mutatja be. A biomassza \u00e9get\u00e9se az egyik legk\u00f6zvetlenebb m\u00f3dja az energiatermel\u00e9snek, azonban m\u00e1ra a h\u0151energia sz\u00fcks\u00e9gleten t\u00falmutat a villamos energia felhaszn\u00e1l\u00e1s. L\u00e1that\u00f3, hogy a g\u00e1zos\u00edt\u00e1s \u00e9s piroliz\u00e1l\u00e1s sor\u00e1n keletkezett term\u00e9kg\u00e1zt kapcsolt energiatermel\u00e9sben haszn\u00e1lni lehet villamos energia \u00e9s ak\u00e1r h\u0151energia termel\u00e9sre egyar\u00e1nt. Term\u00e9szetesen ezen technol\u00f3gi\u00e1knak jelent\u0151s beruh\u00e1z\u00e1s ig\u00e9ny\u00fck van, azonban t\u00f6bb egybehangz\u00f3 szakv\u00e9lem\u00e9ny alapj\u00e1n a biomassz\u00e1b\u00f3l g\u00e1zos\u00edt\u00e1ssal termelt villamos energia k\u00f6lts\u00e9ge a v\u00edz \u00e9s sz\u00e9l energia hasznos\u00edt\u00e1st k\u00f6vet\u0151en a harmadik leggazdas\u00e1gosabb.<\/p>\n<p><img decoding=\"async\" class=\"aligncenter\" src=\"https:\/\/lh3.googleusercontent.com\/QFKV7dCVdCefAFj1qMybFNsGMo493uvPNpGiSX_QHR2PP3RsY1xi7sBKqa5aBeMTcxa4bnuJ9oJZBYO_mGlvWYROZLAbK_KLVe3oY3LylNoJM1NRTRcz\" alt=\"\" width=\"349px;\" height=\"389px;\" \/><\/p>\n<p style=\"text-align: center;\" dir=\"ltr\">Biomassza termok\u00e9miai \u00e1talak\u00edt\u00e1s\u00e1nak m\u00f3dszerei<\/p>\n<p style=\"text-align: right;\" dir=\"ltr\">Technol\u00f3giai \u00f6sszefoglal\u00f3t k\u00e9sz\u00edtette: T\u00f3v\u00e1ri P\u00e9ter VM MGI<\/p>\n","protected":false},"excerpt":{"rendered":"<p>A biomassza energetikai c\u00e9l\u00fa hasznos\u00edt\u00e1s\u00e1nak hossz\u00fa m\u00faltja \u00e9s sz\u00e9les j\u00f6v\u0151beli lehet\u0151s\u00e9gei vannak. Ennek egyik szegmense a g\u00e1zos\u00edt\u00e1s, melyet ipari szinten el\u0151sz\u00f6r a 19. sz\u00e1zadban haszn\u00e1ltak, de igaz\u00e1n a 20. sz\u00e1zadban terjedt el \u2013 els\u0151sorban a vil\u00e1gh\u00e1bor\u00fat k\u00f6vet\u0151 \u00e9vek alatti \u00fczemanyag hi\u00e1ny ok\u00e1n. A 80\u2019-as \u00e9vek energiav\u00e1ls\u00e1g\u00e1nak k\u00f6sz\u00f6nhet\u0151en egy r\u00f6vid id\u0151re \u00fajra lend\u00fcletet vett a biomassza [&hellip;]<\/p>\n","protected":false},"author":1,"featured_media":0,"parent":0,"menu_order":2,"comment_status":"open","ping_status":"closed","template":"","meta":{"footnotes":""},"_links":{"self":[{"href":"https:\/\/pyrowatt.hu\/index.php?rest_route=\/wp\/v2\/pages\/8"}],"collection":[{"href":"https:\/\/pyrowatt.hu\/index.php?rest_route=\/wp\/v2\/pages"}],"about":[{"href":"https:\/\/pyrowatt.hu\/index.php?rest_route=\/wp\/v2\/types\/page"}],"author":[{"embeddable":true,"href":"https:\/\/pyrowatt.hu\/index.php?rest_route=\/wp\/v2\/users\/1"}],"replies":[{"embeddable":true,"href":"https:\/\/pyrowatt.hu\/index.php?rest_route=%2Fwp%2Fv2%2Fcomments&post=8"}],"version-history":[{"count":13,"href":"https:\/\/pyrowatt.hu\/index.php?rest_route=\/wp\/v2\/pages\/8\/revisions"}],"predecessor-version":[{"id":100,"href":"https:\/\/pyrowatt.hu\/index.php?rest_route=\/wp\/v2\/pages\/8\/revisions\/100"}],"wp:attachment":[{"href":"https:\/\/pyrowatt.hu\/index.php?rest_route=%2Fwp%2Fv2%2Fmedia&parent=8"}],"curies":[{"name":"wp","href":"https:\/\/api.w.org\/{rel}","templated":true}]}}