{"id":55,"date":"2012-10-14T22:42:34","date_gmt":"2012-10-14T20:42:34","guid":{"rendered":"http:\/\/pyrowatt.hu\/?page_id=55"},"modified":"2019-08-26T14:47:13","modified_gmt":"2019-08-26T12:47:13","slug":"letoltesek","status":"publish","type":"page","link":"https:\/\/pyrowatt.hu\/?page_id=55","title":{"rendered":"Let\u00f6lt\u00e9sek"},"content":{"rendered":"<p style=\"text-align: center;\"><a href=\"http:\/\/pyrowatt.hu\/wp-content\/uploads\/2019\/08\/resources-08-00079-v2-1.pdf\">MODELING OF SOME OPERATING PARAMETERS REQUIRED FOR THE DEVELOPMENT OF FIXED BED SMALL SCALE PYROLISIS PLANT<br \/>\nIstvan Bacskai, Viktor Madar, Csaba Fogarassy and Laszlo Toth<\/a><\/p>\n<p style=\"text-align: center;\"><a href=\"http:\/\/pyrowatt.hu\/wp-content\/uploads\/2019\/08\/Mgtechnika_cikk.pdf\">BIOMASSZA-HULLAD\u00c9KOK H\u0150BONT\u00c1S\u00c1NAK M\u00c9R\u00c9STECHNIK\u00c1JA<br \/>\nB\u00e1cskai Istv\u00e1n, Mad\u00e1r Viktor, Alok Dhaundiyal, Schrempf Norbert, T\u00f3th L\u00e1szl\u00f3<\/a><\/p>\n<p style=\"text-align: center;\"><a href=\"http:\/\/pyrowatt.hu\/wp-content\/uploads\/2012\/10\/p5_216.pdf\">GASIFICATION EXPERIMENTS ON HERBACEOUS BIOMASS<br \/>\nP. T\u00f3v\u00e1ri and V. Mad\u00e1r<\/a><\/p>\n<p style=\"text-align: center;\"><a href=\"http:\/\/pyrowatt.hu\/wp-content\/uploads\/2012\/10\/p5_215.pdf\">THE OPPORTUNITY OF CONNECTING SMALL SCALE WOOD GAS GENERATOR PLANT TO GREENHOUSES<br \/>\nV. Mad\u00e1r and P. T\u00f3v\u00e1ri <\/a><\/p>\n","protected":false},"excerpt":{"rendered":"<p>MODELING OF SOME OPERATING PARAMETERS REQUIRED FOR THE DEVELOPMENT OF FIXED BED SMALL SCALE PYROLISIS PLANT Istvan Bacskai, Viktor Madar, Csaba Fogarassy and Laszlo Toth BIOMASSZA-HULLAD\u00c9KOK H\u0150BONT\u00c1S\u00c1NAK M\u00c9R\u00c9STECHNIK\u00c1JA B\u00e1cskai Istv\u00e1n, Mad\u00e1r Viktor, Alok Dhaundiyal, Schrempf Norbert, T\u00f3th L\u00e1szl\u00f3 GASIFICATION EXPERIMENTS ON HERBACEOUS BIOMASS P. T\u00f3v\u00e1ri and V. Mad\u00e1r THE OPPORTUNITY OF CONNECTING SMALL SCALE WOOD [&hellip;]<\/p>\n","protected":false},"author":1,"featured_media":0,"parent":0,"menu_order":4,"comment_status":"open","ping_status":"closed","template":"","meta":{"footnotes":""},"_links":{"self":[{"href":"https:\/\/pyrowatt.hu\/index.php?rest_route=\/wp\/v2\/pages\/55"}],"collection":[{"href":"https:\/\/pyrowatt.hu\/index.php?rest_route=\/wp\/v2\/pages"}],"about":[{"href":"https:\/\/pyrowatt.hu\/index.php?rest_route=\/wp\/v2\/types\/page"}],"author":[{"embeddable":true,"href":"https:\/\/pyrowatt.hu\/index.php?rest_route=\/wp\/v2\/users\/1"}],"replies":[{"embeddable":true,"href":"https:\/\/pyrowatt.hu\/index.php?rest_route=%2Fwp%2Fv2%2Fcomments&post=55"}],"version-history":[{"count":14,"href":"https:\/\/pyrowatt.hu\/index.php?rest_route=\/wp\/v2\/pages\/55\/revisions"}],"predecessor-version":[{"id":168,"href":"https:\/\/pyrowatt.hu\/index.php?rest_route=\/wp\/v2\/pages\/55\/revisions\/168"}],"wp:attachment":[{"href":"https:\/\/pyrowatt.hu\/index.php?rest_route=%2Fwp%2Fv2%2Fmedia&parent=55"}],"curies":[{"name":"wp","href":"https:\/\/api.w.org\/{rel}","templated":true}]}}