{"id":2,"date":"2012-10-10T15:56:09","date_gmt":"2012-10-10T13:56:09","guid":{"rendered":"http:\/\/pyrowatt.hu\/?page_id=2"},"modified":"2012-10-19T14:26:44","modified_gmt":"2012-10-19T12:26:44","slug":"fooldal","status":"publish","type":"page","link":"https:\/\/pyrowatt.hu\/","title":{"rendered":"F\u0151oldal"},"content":{"rendered":"<h1><strong>Bemutatkoz\u00e1s<\/strong><\/h1>\n<p>C\u00e9g\u00fcnk m\u0171szaki kutat\u00e1s fejleszt\u00e9s feladatok ell\u00e1t\u00e1s\u00e1ra, hasznos\u00edt\u00e1s\u00e1ra alakult 2011-ben. F\u0151\u00a0kutat\u00e1si ter\u00fclet\u00fcnk a t\u00f6bbf\u00e1zis\u00fa fag\u00e1zgener\u00e1tor \u00e9s kiszolg\u00e1l\u00f3 egys\u00e9geinek fejleszt\u00e9se, tervez\u00e9si alapadatokhoz sz\u00fcks\u00e9ges m\u00e9r\u00e9sek elv\u00e9gz\u00e9se, a berendez\u00e9s tervez\u00e9se.<\/p>\n<p>Ezen k\u00edv\u00fcl v\u00e1llalunk egyedi mez\u0151gazdas\u00e1gi g\u00e9pek tervez\u00e9s\u00e9t, ir\u00e1ny\u00edt\u00e1stechnikai feladatainak\u00a0ell\u00e1t\u00e1s\u00e1t.<\/p>\n<h1><strong>C\u00e9lkit\u0171z\u00e9s\u00fcnk<\/strong><\/h1>\n<p style=\"text-align: justify;\">Manaps\u00e1g az emelked\u0151 energia\u00e1rak mellett, a term\u00e9kek el\u0151\u00e1ll\u00edt\u00e1s\u00e1ban nagyon fontos\u00a0szerepet j\u00e1tszik a term\u00e9kre ford\u00edtott energia. A r\u00e1ford\u00edtott energia hat\u00e9konyabb felhaszn\u00e1l\u00e1ssal\u00a0cs\u00f6kkenthet\u0151, de nem lehet z\u00e9rus, mert az azt jelenten\u00e9, hogy megsz\u0171nik a termel\u00e9s az\u00a0adott foglalkoz\u00e1si k\u00f6rben. Mindezek figyelembev\u00e9tel\u00e9vel arra t\u00f6reksz\u00fcnk, hogy a hazai\u00a0v\u00e1llalkoz\u00e1sok az energiaell\u00e1t\u00e1sukat saj\u00e1t forr\u00e1sb\u00f3l biztos\u00edts\u00e1k \u2013 a lehet\u0151 leggazdas\u00e1gosabban.\u00a0A termel\u00e9si rendszerekben a villamos energia a legmagasabb sz\u00e1zal\u00e9kban haszn\u00e1lt energia,\u00a0melyet a k\u00f6rnyezetv\u00e9delmi szempontok elv\u00e1r\u00e1sainak megfelel\u0151en, gazdas\u00e1gosan, saj\u00e1t\u00a0energetikai rendszerben seg\u00edt\u00fcnk megtermelni az \u00e1ltalunk k\u00edn\u00e1lt technol\u00f3gia alkalmaz\u00e1s\u00e1val.<\/p>\n","protected":false},"excerpt":{"rendered":"<p>Bemutatkoz\u00e1s C\u00e9g\u00fcnk m\u0171szaki kutat\u00e1s fejleszt\u00e9s feladatok ell\u00e1t\u00e1s\u00e1ra, hasznos\u00edt\u00e1s\u00e1ra alakult 2011-ben. F\u0151\u00a0kutat\u00e1si ter\u00fclet\u00fcnk a t\u00f6bbf\u00e1zis\u00fa fag\u00e1zgener\u00e1tor \u00e9s kiszolg\u00e1l\u00f3 egys\u00e9geinek fejleszt\u00e9se, tervez\u00e9si alapadatokhoz sz\u00fcks\u00e9ges m\u00e9r\u00e9sek elv\u00e9gz\u00e9se, a berendez\u00e9s tervez\u00e9se. Ezen k\u00edv\u00fcl v\u00e1llalunk egyedi mez\u0151gazdas\u00e1gi g\u00e9pek tervez\u00e9s\u00e9t, ir\u00e1ny\u00edt\u00e1stechnikai feladatainak\u00a0ell\u00e1t\u00e1s\u00e1t. C\u00e9lkit\u0171z\u00e9s\u00fcnk Manaps\u00e1g az emelked\u0151 energia\u00e1rak mellett, a term\u00e9kek el\u0151\u00e1ll\u00edt\u00e1s\u00e1ban nagyon fontos\u00a0szerepet j\u00e1tszik a term\u00e9kre ford\u00edtott energia. A r\u00e1ford\u00edtott energia [&hellip;]<\/p>\n","protected":false},"author":1,"featured_media":0,"parent":0,"menu_order":0,"comment_status":"closed","ping_status":"closed","template":"","meta":{"footnotes":""},"_links":{"self":[{"href":"https:\/\/pyrowatt.hu\/index.php?rest_route=\/wp\/v2\/pages\/2"}],"collection":[{"href":"https:\/\/pyrowatt.hu\/index.php?rest_route=\/wp\/v2\/pages"}],"about":[{"href":"https:\/\/pyrowatt.hu\/index.php?rest_route=\/wp\/v2\/types\/page"}],"author":[{"embeddable":true,"href":"https:\/\/pyrowatt.hu\/index.php?rest_route=\/wp\/v2\/users\/1"}],"replies":[{"embeddable":true,"href":"https:\/\/pyrowatt.hu\/index.php?rest_route=%2Fwp%2Fv2%2Fcomments&post=2"}],"version-history":[{"count":27,"href":"https:\/\/pyrowatt.hu\/index.php?rest_route=\/wp\/v2\/pages\/2\/revisions"}],"predecessor-version":[{"id":26,"href":"https:\/\/pyrowatt.hu\/index.php?rest_route=\/wp\/v2\/pages\/2\/revisions\/26"}],"wp:attachment":[{"href":"https:\/\/pyrowatt.hu\/index.php?rest_route=%2Fwp%2Fv2%2Fmedia&parent=2"}],"curies":[{"name":"wp","href":"https:\/\/api.w.org\/{rel}","templated":true}]}}