{"id":15,"date":"2012-10-14T20:00:56","date_gmt":"2012-10-14T18:00:56","guid":{"rendered":"http:\/\/pyrowatt.hu\/?page_id=15"},"modified":"2016-11-14T20:52:52","modified_gmt":"2016-11-14T19:52:52","slug":"kapcsolat","status":"publish","type":"page","link":"https:\/\/pyrowatt.hu\/?page_id=15","title":{"rendered":"Kapcsolat"},"content":{"rendered":"<h1>PYROWATT Fejleszt\u0151 \u00e9s Gy\u00e1rt\u00f3 Korl\u00e1tolt Felel\u0151ss\u00e9g\u0171 T\u00e1rsas\u00e1g<\/h1>\n<h3>Sz\u00e9khely: 6120 Kiskunmajsa, V\u00e1g\u00f3h\u00edd utca 91.<\/h3>\n<p>Ad\u00f3sz\u00e1m: 23525229-2-03<br \/>\nC\u00e9gjegyz\u00e9ksz\u00e1m: 03-09-123165<\/p>\n<h3>Technol\u00f3giai inform\u00e1ci\u00f3k, \u00e9rt\u00e9kes\u00edt\u00e9s<\/h3>\n<p>Mad\u00e1r Viktor<br \/>\nTel.: 06-30-3837894<br \/>\ne-mail: madar.viktor@pyrowatt.hu<br \/>\nMad\u00e1r Gy\u00f6rgy<br \/>\nTel.: 06-20-4910100<br \/>\ne-mail: madar.gyorgy@pyrowatt.hu<\/p>\n<h3><\/h3>\n<p>&nbsp;<\/p>\n<h2><strong>Partnerek:<\/strong><\/h2>\n<h4><a href=\"http:\/\/www.kommon.hu\">Kommon Kft.<\/a><br \/>\n<a href=\"http:\/\/www.fvmmi.hu\/labor.php?Nyelv=1&amp;ID=12\">VM Mez\u0151gazdas\u00e1gi Int\u00e9zet, Energetikai labor\u00a0<\/a><br \/>\n<a href=\"http:\/\/www.gek.szie.hu\/\">Szent Istv\u00e1n Egyetem, G\u00e9p\u00e9szm\u00e9rn\u00f6ki Kar\u00a0<\/a><\/h4>\n","protected":false},"excerpt":{"rendered":"<p>PYROWATT Fejleszt\u0151 \u00e9s Gy\u00e1rt\u00f3 Korl\u00e1tolt Felel\u0151ss\u00e9g\u0171 T\u00e1rsas\u00e1g Sz\u00e9khely: 6120 Kiskunmajsa, V\u00e1g\u00f3h\u00edd utca 91. Ad\u00f3sz\u00e1m: 23525229-2-03 C\u00e9gjegyz\u00e9ksz\u00e1m: 03-09-123165 Technol\u00f3giai inform\u00e1ci\u00f3k, \u00e9rt\u00e9kes\u00edt\u00e9s Mad\u00e1r Viktor Tel.: 06-30-3837894 e-mail: madar.viktor@pyrowatt.hu Mad\u00e1r Gy\u00f6rgy Tel.: 06-20-4910100 e-mail: madar.gyorgy@pyrowatt.hu &nbsp; Partnerek: Kommon Kft. VM Mez\u0151gazdas\u00e1gi Int\u00e9zet, Energetikai labor\u00a0 Szent Istv\u00e1n Egyetem, G\u00e9p\u00e9szm\u00e9rn\u00f6ki Kar\u00a0<\/p>\n","protected":false},"author":1,"featured_media":0,"parent":0,"menu_order":5,"comment_status":"open","ping_status":"closed","template":"","meta":{"footnotes":""},"_links":{"self":[{"href":"https:\/\/pyrowatt.hu\/index.php?rest_route=\/wp\/v2\/pages\/15"}],"collection":[{"href":"https:\/\/pyrowatt.hu\/index.php?rest_route=\/wp\/v2\/pages"}],"about":[{"href":"https:\/\/pyrowatt.hu\/index.php?rest_route=\/wp\/v2\/types\/page"}],"author":[{"embeddable":true,"href":"https:\/\/pyrowatt.hu\/index.php?rest_route=\/wp\/v2\/users\/1"}],"replies":[{"embeddable":true,"href":"https:\/\/pyrowatt.hu\/index.php?rest_route=%2Fwp%2Fv2%2Fcomments&post=15"}],"version-history":[{"count":16,"href":"https:\/\/pyrowatt.hu\/index.php?rest_route=\/wp\/v2\/pages\/15\/revisions"}],"predecessor-version":[{"id":121,"href":"https:\/\/pyrowatt.hu\/index.php?rest_route=\/wp\/v2\/pages\/15\/revisions\/121"}],"wp:attachment":[{"href":"https:\/\/pyrowatt.hu\/index.php?rest_route=%2Fwp%2Fv2%2Fmedia&parent=15"}],"curies":[{"name":"wp","href":"https:\/\/api.w.org\/{rel}","templated":true}]}}