{"id":127,"date":"2019-01-30T13:35:23","date_gmt":"2019-01-30T12:35:23","guid":{"rendered":"http:\/\/pyrowatt.hu\/?page_id=127"},"modified":"2024-02-13T17:50:15","modified_gmt":"2024-02-13T16:50:15","slug":"palyazat","status":"publish","type":"page","link":"https:\/\/pyrowatt.hu\/?page_id=127","title":{"rendered":"P\u00e1ly\u00e1zat"},"content":{"rendered":"<p>a kedvezm\u00e9nyezett neve:\u00a0\u00a0\u00a0\u00a0\u00a0\u00a0\u00a0\u00a0\u00a0\u00a0\u00a0\u00a0\u00a0\u00a0\u00a0\u00a0\u00a0\u00a0\u00a0\u00a0\u00a0\u00a0\u00a0\u00a0\u00a0\u00a0\u00a0 PYROWATT Fejleszt\u0151 \u00e9s Gy\u00e1rt\u00f3 Korl\u00e1tolt Felel\u0151ss\u00e9g\u0171 T\u00e1rsas\u00e1g<\/p>\n<p>a projekt c\u00edme:\u00a0\u00a0\u00a0\u00a0\u00a0\u00a0\u00a0\u00a0\u00a0\u00a0\u00a0\u00a0\u00a0\u00a0\u00a0\u00a0\u00a0\u00a0\u00a0\u00a0\u00a0\u00a0\u00a0\u00a0\u00a0\u00a0\u00a0\u00a0\u00a0\u00a0\u00a0\u00a0\u00a0\u00a0\u00a0\u00a0\u00a0\u00a0\u00a0\u00a0\u00a0\u00a0\u00a0\u00a0\u00a0 \u201eA PYROWATT Kft modern \u00fczleti \u00e9s termel\u00e9si kih\u00edv\u00e1sokhoz val\u00f3 alkalmazkod\u00e1s\u00e1t seg\u00edt\u0151 fejleszt\u00e9sek t\u00e1mogat\u00e1sa\u201d<\/p>\n<p>projekt azonos\u00edt\u00f3 sz\u00e1ma:\u00a0\u00a0\u00a0\u00a0\u00a0\u00a0\u00a0\u00a0\u00a0\u00a0\u00a0\u00a0\u00a0\u00a0\u00a0\u00a0\u00a0\u00a0\u00a0\u00a0\u00a0\u00a0\u00a0\u00a0\u00a0\u00a0\u00a0GINOP_PLUSZ-1.2.3-21-2022-00798<\/p>\n<p>a szerz\u0151d\u00f6tt t\u00e1mogat\u00e1s \u00f6sszege:\u00a0\u00a0\u00a0\u00a0\u00a0\u00a0\u00a0\u00a0\u00a0\u00a0\u00a0\u00a0 64\u00a0985 547 Ft<\/p>\n<p>a t\u00e1mogat\u00e1s m\u00e9rt\u00e9ke (%-ban):\u00a0\u00a0\u00a0\u00a0\u00a0\u00a0\u00a0\u00a0\u00a0\u00a0\u00a0\u00a0\u00a0\u00a0\u00a0\u00a0 70 %<\/p>\n<p>a projekt tartalm\u00e1nak bemutat\u00e1sa: \u00a0\u00a0\u00a0\u00a0\u00a0\u00a0\u00a0 A PYROWATT Kft. a leg\u00fajabb fejleszt\u00e9s\u00e9vel jelent\u0151s el\u0151rel\u00e9p\u00e9st \u00e9rt el a biomassza kiser\u0151m\u0171vek ter\u00fclet\u00e9n, melynek keret\u00e9ben kib\u0151v\u00edtette gy\u00e1rt\u00e1si kapacit\u00e1s\u00e1t \u00e9s jelent\u0151sen jav\u00edtotta termel\u00e9kenys\u00e9g\u00e9t. A projekt f\u0151 c\u00e9lja a saj\u00e1t gy\u00e1rt\u00e1s\u00fa alkatr\u00e9szek k\u00f6r\u00e9nek b\u0151v\u00edt\u00e9se volt, ami az el\u0151re gy\u00e1rtott ac\u00e9lszerkezetekre koncentr\u00e1lt. A gy\u00e1rt\u00f3csarnok b\u0151v\u00edt\u00e9s\u00e9vel, amely mag\u00e1ban foglal egy \u00faj alapanyag t\u00e1rol\u00f3, feldolgoz\u00f3 \u00e9s szerel\u0151 teret, a v\u00e1llalat most m\u00e1r k\u00e9pes nagyobb t\u00e9telben alapanyagot beszerezni. Ez a l\u00e9p\u00e9s nemcsak a fajlagos gy\u00e1rt\u00e1si k\u00f6lts\u00e9geket cs\u00f6kkenti, hanem a gy\u00e1rt\u00e1si kapacit\u00e1st is n\u00f6veli, k\u00f6sz\u00f6nhet\u0151en a saj\u00e1t rakt\u00e1rb\u00f3l t\u00f6rt\u00e9n\u0151 gy\u00e1rt\u00e1snak.<\/p>\n<p>A meg\u00fajul\u00f3 energia ir\u00e1nti elk\u00f6telezetts\u00e9g is megmutatkozik a fejleszt\u00e9sben, hiszen a napelemes villamosenergia-el\u0151\u00e1ll\u00edt\u00e1s bevezet\u00e9s\u00e9vel a v\u00e1llalat k\u00e9pes fedezni az \u00fczem villamos energia felhaszn\u00e1l\u00e1s\u00e1t, mind a gy\u00e1rt\u00e1s, mind a megl\u00e9v\u0151 h\u0151szivatty\u00fas f\u0171t\u00e9s sor\u00e1n. Ez a l\u00e9p\u00e9s jelent\u0151sen n\u00f6veli a PYROWATT Kft. versenyk\u00e9pess\u00e9g\u00e9t a piacon.<\/p>\n<p>A technol\u00f3giai fejleszt\u00e9sek k\u00f6z\u00f6tt kiemelkedik a szalagf\u0171r\u00e9sz \u00e9s a henger\u00edt\u0151 beszerz\u00e9se, amelyek lehet\u0151v\u00e9 teszik a nagyobb profilok \u00e9s t\u00e1blam\u00e9retek, valamint vastags\u00e1gok gazdas\u00e1gos feldolgoz\u00e1s\u00e1t. Az \u00faj 100A-es \u00e1ramforr\u00e1s beszerz\u00e9s\u00e9vel a v\u00e1llalat jelent\u0151sen n\u00f6veli v\u00e1g\u00e1si \u00e9s hegeszt\u00e9si kapacit\u00e1s\u00e1t. A hegeszt\u00e9si f\u00fcstelsz\u00edv\u00f3k \u00e9s a sz\u0171rt leveg\u0151s t\u00falnyom\u00e1sos hegeszt\u0151pajzsok bevezet\u00e9se jav\u00edtja a munkahelyi k\u00f6r\u00fclm\u00e9nyeket \u00e9s n\u00f6veli a folyamatos munkav\u00e9gz\u00e9s kapacit\u00e1s\u00e1t. Az inverteres hegeszt\u0151g\u00e9p beszerz\u00e9s\u00e9vel pedig a kism\u00e9ret\u0171 alkatr\u00e9szek AWI hegeszt\u00e9s\u00e9t szeretn\u00e9k ell\u00e1tni, tov\u00e1bb jav\u00edtva a termel\u00e9kenys\u00e9get \u00e9s cs\u00f6kkentve a hegeszt\u00e9si hib\u00e1kat.<\/p>\n<p>A sorozatgy\u00e1rt\u00e1s kialak\u00edt\u00e1s\u00e1val a PYROWATT Kft. kedvez\u0151bb \u00e1rakat tud kialak\u00edtani a biomassza kiser\u0151m\u0171vek berendez\u00e9sein\u00e9l, mik\u00f6zben a speci\u00e1lis szerkezeti anyagok, p\u00e9ld\u00e1ul a h\u0151\u00e1ll\u00f3 ac\u00e9lok megmunk\u00e1l\u00e1s\u00e1t \u00e9s hegeszt\u00e9s\u00e9t is magas szintre emeli. A hegeszt\u0151 szakemberek min\u0151s\u00edt\u00e9se \u00e9s oktat\u00e1sa biztos\u00edtja, hogy a v\u00e1llalat saj\u00e1t berendez\u00e9seit magas min\u0151s\u00e9gben gy\u00e1rthassa, mik\u00f6zben optimaliz\u00e1lja a felhaszn\u00e1lt anyagmennyis\u00e9get egy \u00faj CAD szoftver seg\u00edts\u00e9g\u00e9vel, amely rendelkezik v\u00e9geselem anal\u00edzissel.<\/p>\n<p>\u00d6sszess\u00e9g\u00e9ben a PYROWATT Kft. \u00e1ltal megval\u00f3s\u00edtott projekt jelent\u0151s l\u00e9p\u00e9s a biomassza kiser\u0151m\u0171vek hat\u00e9kony \u00e9s gazdas\u00e1gos gy\u00e1rt\u00e1sa fel\u00e9. A fejleszt\u00e9sek nemcsak a gy\u00e1rt\u00e1si k\u00f6lts\u00e9geket cs\u00f6kkentik, hanem jav\u00edtj\u00e1k a termel\u00e9kenys\u00e9get, n\u00f6velik a flexibilit\u00e1st, \u00e9s lehet\u0151v\u00e9 teszik a v\u00e1llalat sz\u00e1m\u00e1ra, hogy gyorsabban reag\u00e1ljon a piaci v\u00e1ltoz\u00e1sokra, mik\u00f6zben jav\u00edtja a munkahelyi k\u00f6r\u00fclm\u00e9nyeket \u00e9s cs\u00f6kkenti az energiafelhaszn\u00e1l\u00e1st.<\/p>\n<p>a projekt befejez\u00e9si d\u00e1tuma:\u00a0\u00a0\u00a0\u00a0\u00a0\u00a0\u00a0\u00a0\u00a0\u00a0\u00a0\u00a0\u00a0\u00a0\u00a0\u00a0\u00a0\u00a0\u00a0\u00a0 2023.12.29.<\/p>\n<hr \/>\n<p><strong>P\u00e1ly\u00e1z\u00f3: Pyrowatt Kft.<\/strong><\/p>\n<p><strong>Projekt azonos\u00edt\u00f3sz\u00e1ma: GINOP-2.1.7.-15-2016-01604<\/strong><\/p>\n<p><strong>P\u00e1ly\u00e1zat c\u00edme:<\/strong> T\u00f6bbf\u00e1zis\u00fa g\u00e1zgener\u00e1toros biomassza kiser\u0151m\u0171 1-5 kW k\u00f6z\u00f6tti elektromos teljes\u00edtm\u00e9ny\u0171 protot\u00edpus \u00fczemg\u00e9p kifejleszt\u00e9se a megl\u00e9v\u0151 magyar \u00e9s nemzetk\u00f6zi piaci ig\u00e9nyek kiel\u00e9g\u00edt\u00e9s\u00e9re<\/p>\n<p><strong>T\u00e1mogat\u00e1s \u00f6sszege:<\/strong> 38 511 148,- Ft<\/p>\n<p><strong>T\u00e1mogat\u00e1s intenzit\u00e1sa:<\/strong> 65.98%<\/p>\n<p><strong>Projekt befejez\u00e9s d\u00e1tuma:<\/strong> 2019.02.28.<\/p>\n<p style=\"text-align: justify;\">A projekt c\u00e9lja egy 1-5 kW k\u00f6z\u00f6tti elektromos teljes\u00edtm\u00e9ny\u0171, alacsony karbantart\u00e1si ig\u00e9ny\u0171, t\u00f6bbf\u00e1zis\u00fa g\u00e1zgener\u00e1toros elven m\u0171k\u00f6d\u0151 biomassza kiser\u0151m\u0171 kifejleszt\u00e9se, amely h\u00e1l\u00f3zatp\u00e1rhuzamos \u00fczemre alkalmas, smart grid h\u00e1l\u00f3zatba is integr\u00e1lhat\u00f3, amelyre nemezetk\u00f6zi szinten is jelent\u0151s, m\u00e9rhet\u0151 kereslet van. A megval\u00f3s\u00edt\u00e1shoz olyan g\u00e1zgener\u00e1tort fejleszt\u00fcnk, amely kis m\u00e9retben is t\u00f6bb f\u00e1zisban val\u00f3s\u00edtja meg a g\u00e1zos\u00edt\u00e1st, \u00edgy tiszta alacsony k\u00e1tr\u00e1nytartalm\u00fa (50mg\/Nm3) g\u00e1zt \u00e1ll\u00edtva el\u0151 jelent\u0151sen cs\u00f6kkentve ezzel a g\u00e1ztiszt\u00edt\u00e1si feladatokat, k\u00f6lts\u00e9geket. A c\u00e9lunk, hogy olyan kompakt egys\u00e9get hozzunk l\u00e9tre, amely egy megl\u00e9v\u0151 lak\u00f3h\u00e1z, vend\u00e9gl\u00e1t\u00f3 egys\u00e9g, kis ipari l\u00e9tes\u00edtm\u00e9ny, mez\u0151gazdas\u00e1gi kis\u00fczem, h\u00e1l\u00f3zatt\u00f3l t\u00e1vol es\u0151 tany\u00e1k elektromos energiaig\u00e9ny\u00e9t ki tudja el\u00e9g\u00edteni meg\u00fajul\u00f3 forr\u00e1sb\u00f3l a k\u00f6rnyezet\u00fckben keletkez\u0151 apr\u00edtott t\u00fczel\u0151anyagok felhaszn\u00e1l\u00e1s\u00e1val. A rendszer m\u0171k\u00f6d\u00e9se k\u00f6zben 2-8 kW k\u00f6z\u00f6tti teljes\u00edtm\u00e9nnyel h\u0151t \u00e1ll\u00edt el\u0151, amely felhaszn\u00e1lhat\u00f3 f\u0171t\u00e9sre, haszn\u00e1lati meleg v\u00edz el\u0151\u00e1ll\u00edt\u00e1sra, abszorpci\u00f3s h\u0171t\u0151vel kieg\u00e9sz\u00edtve klimatiz\u00e1l\u00e1sra.\u00a0\u00a0 A biomassza kiser\u0151m\u0171 tartalmaz egy t\u00fczel\u0151anyag t\u00e1rol\u00f3t, t\u00fczel\u0151anyag adagol\u00f3 rendszert, g\u00e1zgener\u00e1tort, hamu elt\u00e1vol\u00edt\u00f3 egys\u00e9get, g\u00e1zh\u0171t\u00e9st, g\u00e1ztiszt\u00edt\u00e1st \u00e9s egy g\u00e1zmotoros CHP-t. Az egys\u00e9gek egy g\u00e9palapra ker\u00fclnek elhelyez\u00e9sre z\u00e1rt, burkolatban.\u00a0 A rendszer ir\u00e1ny\u00edt\u00e1s\u00e1t PLC v\u00e9gzi, \u00edgy a rendszer teljesen automata \u00fczem\u0171, fel\u00fcgyeletet nem ig\u00e9nyel, Etherneten kereszt\u00fcl a m\u0171k\u00f6d\u00e9si param\u00e9terek, \u00fczem\u00e1llapotok megtekinthet\u0151ek.<\/p>\n<p style=\"text-align: justify;\">A Pyrowatt Kft. g\u00e1zgener\u00e1toros biomassza kiser\u0151m\u0171vek fejleszt\u00e9s\u00e9vel \u00e9s gy\u00e1rt\u00e1s\u00e1val foglalkozik \u00fczletszer\u0171en. A t\u00f6bb \u00e9ves kutat\u00f3munk\u00e1val kifejleszt\u00e9sre ker\u00fclt egy t\u00f6bbf\u00e1zis\u00fa g\u00e1zgener\u00e1toros technol\u00f3gia, amelyb\u0151l megval\u00f3s\u00edt\u00e1sra ker\u00fclt egy 200\u00a0kW-os, egy 40 kW-os, egy 28 kW-os \u00e9s egy 10 kW-os\u00a0 elektromos teljes\u00edtm\u00e9ny\u0171 kiser\u0151m\u0171. A fejleszt\u00e9s sor\u00e1n a megl\u00e9v\u0151 elj\u00e1r\u00e1sunkat szeretn\u00e9nk tov\u00e1bbfejleszteni, hogy alkalmas legyen 1-5 kW k\u00f6z\u00f6tti elektromos teljes\u00edtm\u00e9ny\u0171 kiser\u0151m\u0171 kiszolg\u00e1l\u00e1s\u00e1ra.<\/p>\n<p>A projekt sor\u00e1n elk\u00e9sz\u00fclt publik\u00e1ci\u00f3k a <a href=\"\/?page_id=55\">let\u00f6lt\u00e9sek<\/a> oldalon tekinthet\u0151k meg.<\/p>\n<p>Az elk\u00e9sz\u00fclt protot\u00edpus f\u00e9nyk\u00e9pei:<\/p>\n<div id=\"attachment_149\" style=\"width: 431px\" class=\"wp-caption aligncenter\"><img loading=\"lazy\" decoding=\"async\" aria-describedby=\"caption-attachment-149\" class=\"wp-image-149 size-medium\" src=\"http:\/\/pyrowatt.hu\/wp-content\/uploads\/2019\/01\/pyrowatt_5kwe_prototipus-421x700.jpg\" alt=\"Pyrowatt g\u00e1zgener\u00e1toros biomassza kiser\u0151m\u0171 protot\u00edpus\" width=\"421\" height=\"700\" srcset=\"https:\/\/pyrowatt.hu\/wp-content\/uploads\/2019\/01\/pyrowatt_5kwe_prototipus-421x700.jpg 421w, https:\/\/pyrowatt.hu\/wp-content\/uploads\/2019\/01\/pyrowatt_5kwe_prototipus-616x1024.jpg 616w, https:\/\/pyrowatt.hu\/wp-content\/uploads\/2019\/01\/pyrowatt_5kwe_prototipus.jpg 1337w\" sizes=\"(max-width: 421px) 100vw, 421px\" \/><p id=\"caption-attachment-149\" class=\"wp-caption-text\">Pyrowatt g\u00e1zgener\u00e1toros biomassza kiser\u0151m\u0171 protot\u00edpus<\/p><\/div>\n<div id=\"attachment_150\" style=\"width: 446px\" class=\"wp-caption aligncenter\"><img loading=\"lazy\" decoding=\"async\" aria-describedby=\"caption-attachment-150\" class=\"wp-image-150 size-medium\" src=\"http:\/\/pyrowatt.hu\/wp-content\/uploads\/2019\/01\/pyrowatt_5kwe_prototipus_2-436x700.jpg\" alt=\"Pyrowatt g\u00e1zgener\u00e1toros biomassza kiser\u0151m\u0171 protot\u00edpus\" width=\"436\" height=\"700\" srcset=\"https:\/\/pyrowatt.hu\/wp-content\/uploads\/2019\/01\/pyrowatt_5kwe_prototipus_2-436x700.jpg 436w, https:\/\/pyrowatt.hu\/wp-content\/uploads\/2019\/01\/pyrowatt_5kwe_prototipus_2-638x1024.jpg 638w, https:\/\/pyrowatt.hu\/wp-content\/uploads\/2019\/01\/pyrowatt_5kwe_prototipus_2.jpg 1361w\" sizes=\"(max-width: 436px) 100vw, 436px\" \/><p id=\"caption-attachment-150\" class=\"wp-caption-text\">Pyrowatt g\u00e1zgener\u00e1toros biomassza kiser\u0151m\u0171 protot\u00edpus<\/p><\/div>\n<div id=\"attachment_151\" style=\"width: 710px\" class=\"wp-caption aligncenter\"><img loading=\"lazy\" decoding=\"async\" aria-describedby=\"caption-attachment-151\" class=\"wp-image-151 size-medium\" src=\"http:\/\/pyrowatt.hu\/wp-content\/uploads\/2019\/01\/pyrowatt_tiszta_gaz-700x638.jpg\" alt=\"Pyrowatt g\u00e1zgener\u00e1toros biomassza kiser\u0151m\u0171, az el\u0151\u00e1ll\u00edtott tiszta g\u00e1z \u00e9g\u00e9se\" width=\"700\" height=\"638\" srcset=\"https:\/\/pyrowatt.hu\/wp-content\/uploads\/2019\/01\/pyrowatt_tiszta_gaz-700x638.jpg 700w, https:\/\/pyrowatt.hu\/wp-content\/uploads\/2019\/01\/pyrowatt_tiszta_gaz-1024x933.jpg 1024w\" sizes=\"(max-width: 700px) 100vw, 700px\" \/><p id=\"caption-attachment-151\" class=\"wp-caption-text\">Pyrowatt g\u00e1zgener\u00e1toros biomassza kiser\u0151m\u0171, az el\u0151\u00e1ll\u00edtott tiszta g\u00e1z \u00e9g\u00e9se<\/p><\/div>\n<p><img loading=\"lazy\" decoding=\"async\" class=\"alignnone size-medium wp-image-141\" src=\"http:\/\/pyrowatt.hu\/wp-content\/uploads\/2019\/01\/ginop_2_1_7_15_2016_01604_c_fekvo_web-700x476.png\" alt=\"ginop_2_1_7_15_2016_01604_c_fekvo_web\" width=\"700\" height=\"476\" srcset=\"https:\/\/pyrowatt.hu\/wp-content\/uploads\/2019\/01\/ginop_2_1_7_15_2016_01604_c_fekvo_web-700x476.png 700w, https:\/\/pyrowatt.hu\/wp-content\/uploads\/2019\/01\/ginop_2_1_7_15_2016_01604_c_fekvo_web-768x523.png 768w, https:\/\/pyrowatt.hu\/wp-content\/uploads\/2019\/01\/ginop_2_1_7_15_2016_01604_c_fekvo_web-1024x697.png 1024w, https:\/\/pyrowatt.hu\/wp-content\/uploads\/2019\/01\/ginop_2_1_7_15_2016_01604_c_fekvo_web.png 2000w\" sizes=\"(max-width: 700px) 100vw, 700px\" \/><\/p>\n","protected":false},"excerpt":{"rendered":"<p>a kedvezm\u00e9nyezett neve:\u00a0\u00a0\u00a0\u00a0\u00a0\u00a0\u00a0\u00a0\u00a0\u00a0\u00a0\u00a0\u00a0\u00a0\u00a0\u00a0\u00a0\u00a0\u00a0\u00a0\u00a0\u00a0\u00a0\u00a0\u00a0\u00a0\u00a0 PYROWATT Fejleszt\u0151 \u00e9s Gy\u00e1rt\u00f3 Korl\u00e1tolt Felel\u0151ss\u00e9g\u0171 T\u00e1rsas\u00e1g a projekt c\u00edme:\u00a0\u00a0\u00a0\u00a0\u00a0\u00a0\u00a0\u00a0\u00a0\u00a0\u00a0\u00a0\u00a0\u00a0\u00a0\u00a0\u00a0\u00a0\u00a0\u00a0\u00a0\u00a0\u00a0\u00a0\u00a0\u00a0\u00a0\u00a0\u00a0\u00a0\u00a0\u00a0\u00a0\u00a0\u00a0\u00a0\u00a0\u00a0\u00a0\u00a0\u00a0\u00a0\u00a0\u00a0\u00a0 \u201eA PYROWATT Kft modern \u00fczleti \u00e9s termel\u00e9si kih\u00edv\u00e1sokhoz val\u00f3 alkalmazkod\u00e1s\u00e1t seg\u00edt\u0151 fejleszt\u00e9sek t\u00e1mogat\u00e1sa\u201d projekt azonos\u00edt\u00f3 sz\u00e1ma:\u00a0\u00a0\u00a0\u00a0\u00a0\u00a0\u00a0\u00a0\u00a0\u00a0\u00a0\u00a0\u00a0\u00a0\u00a0\u00a0\u00a0\u00a0\u00a0\u00a0\u00a0\u00a0\u00a0\u00a0\u00a0\u00a0\u00a0GINOP_PLUSZ-1.2.3-21-2022-00798 a szerz\u0151d\u00f6tt t\u00e1mogat\u00e1s \u00f6sszege:\u00a0\u00a0\u00a0\u00a0\u00a0\u00a0\u00a0\u00a0\u00a0\u00a0\u00a0\u00a0 64\u00a0985 547 Ft a t\u00e1mogat\u00e1s m\u00e9rt\u00e9ke (%-ban):\u00a0\u00a0\u00a0\u00a0\u00a0\u00a0\u00a0\u00a0\u00a0\u00a0\u00a0\u00a0\u00a0\u00a0\u00a0\u00a0 70 % a projekt tartalm\u00e1nak bemutat\u00e1sa: \u00a0\u00a0\u00a0\u00a0\u00a0\u00a0\u00a0 A PYROWATT Kft. a leg\u00fajabb fejleszt\u00e9s\u00e9vel jelent\u0151s el\u0151rel\u00e9p\u00e9st [&hellip;]<\/p>\n","protected":false},"author":1,"featured_media":0,"parent":0,"menu_order":0,"comment_status":"closed","ping_status":"closed","template":"","meta":{"footnotes":""},"_links":{"self":[{"href":"https:\/\/pyrowatt.hu\/index.php?rest_route=\/wp\/v2\/pages\/127"}],"collection":[{"href":"https:\/\/pyrowatt.hu\/index.php?rest_route=\/wp\/v2\/pages"}],"about":[{"href":"https:\/\/pyrowatt.hu\/index.php?rest_route=\/wp\/v2\/types\/page"}],"author":[{"embeddable":true,"href":"https:\/\/pyrowatt.hu\/index.php?rest_route=\/wp\/v2\/users\/1"}],"replies":[{"embeddable":true,"href":"https:\/\/pyrowatt.hu\/index.php?rest_route=%2Fwp%2Fv2%2Fcomments&post=127"}],"version-history":[{"count":16,"href":"https:\/\/pyrowatt.hu\/index.php?rest_route=\/wp\/v2\/pages\/127\/revisions"}],"predecessor-version":[{"id":178,"href":"https:\/\/pyrowatt.hu\/index.php?rest_route=\/wp\/v2\/pages\/127\/revisions\/178"}],"wp:attachment":[{"href":"https:\/\/pyrowatt.hu\/index.php?rest_route=%2Fwp%2Fv2%2Fmedia&parent=127"}],"curies":[{"name":"wp","href":"https:\/\/api.w.org\/{rel}","templated":true}]}}